{"id":9,"date":"2023-01-22T13:08:47","date_gmt":"2023-01-22T12:08:47","guid":{"rendered":"https:\/\/orendelsall.de\/?page_id=9"},"modified":"2023-01-22T13:08:47","modified_gmt":"2023-01-22T12:08:47","slug":"impressum","status":"publish","type":"page","link":"https:\/\/orendelsall.de\/index.php\/impressum\/","title":{"rendered":"Impressum"},"content":{"rendered":"<p><strong>Dorfgemeinschaft Orendelsall<\/strong><\/p>\n<p>Forchtenbergerstra\u00dfe 15<\/p>\n<p>74639 Zweiflingen<\/p>\n<p>E-Mail: dorfgemeinschaft-orendelsall@t-online.de<\/p>\n<h2><\/h2>\n<h2><strong>Rechtliche Hinweise:<\/strong><\/h2>\n<p>Das Layout der Homepage, die verwendeten Grafiken sowie Beitr\u00e4ge und Bilder sind urheberrechtlich gesch\u00fctzt. Die Seiten d\u00fcrfen ausschlie\u00dflich zum privaten Gebrauch ohne jegliche \u00c4nderung vervielf\u00e4ltigt werden. Eine Verbreitung von Kopien oder Ausz\u00fcgen ist nur mit schriftlicher Genehmigung zul\u00e4ssig.<\/p>\n<p>Haftungsausschluss:<\/p>\n<p>Die Informationen, die Sie auf diesem Internetauftritt vorfinden, wurden nach bestem Wissen und Gewissen sorgfaltig zusammengestellt und gepr\u00fcft. Es wird jedoch keine Gew\u00e4hr \u2013 weder ausdr\u00fccklich noch stillschweigend \u2013 f\u00fcr die Vollst\u00e4ndigkeit, Richtigkeit, Aktualit\u00e4t oder Qualit\u00e4t und jederzeitige Verf\u00fcgbarkeit der bereit gestellten Informationen \u00fcbernommen. In keinem Fall wird f\u00fcr Sch\u00e4den, die sich aus der Verwendung der abgerufenen Informationen ergeben, eine Haftung \u00fcbernommen.<\/p>\n<p>Internetseite dritter Anbieter \/ Links:<\/p>\n<p>Diese Internetseite enth\u00e4lt auch Links oder Verweise auf Internetseiten Dritter. Diese Links zu den Internetauftritten Dritter stellen keine Zustimmung zu deren Inhalten durch den Herausgeber dar. Es wird keine Verantwortung f\u00fcr die Verf\u00fcgbarkeit oder den Inhalt solcher Internetauftritte \u00fcbernommen und keine Haftung f\u00fcr Sch\u00e4den oder Verletzungen, die aus der Nutzung \u2013 gleich welcher Art \u2013 solcher Inhalte entstehen.Mit den Links zu anderen Internetauftritten wird den Nutzern lediglich der Zugang zur Nutzung der Inhalte vermittelt. F\u00fcr illegale, fehlerhafte oder unvollst\u00e4ndige Inhalte und f\u00fcr Sch\u00e4den, die aus der Nutzung entstehen, haftet allein der Anbieter der Seite, auf welche verwiesen wurde.<\/p>\n","protected":false},"excerpt":{"rendered":"<p>Dorfgemeinschaft Orendelsall Forchtenbergerstra\u00dfe 15 74639 Zweiflingen E-Mail: dorfgemeinschaft-orendelsall@t-online.de Rechtliche Hinweise: Das Layout der Homepage, die verwendeten Grafiken sowie Beitr\u00e4ge und Bilder sind urheberrechtlich gesch\u00fctzt. Die Seiten d\u00fcrfen ausschlie\u00dflich zum privaten Gebrauch ohne jegliche \u00c4nderung&#46;&#46;&#46;<\/p>\n","protected":false},"author":2,"featured_media":0,"parent":0,"menu_order":0,"comment_status":"closed","ping_status":"closed","template":"","meta":{"footnotes":""},"class_list":["post-9","page","type-page","status-publish","hentry"],"yoast_head":"<!-- This site is optimized with the Yoast SEO plugin v27.5 - https:\/\/yoast.com\/product\/yoast-seo-wordpress\/ -->\n<title>Impressum - Dorfgemeinschaft-Orendelsall<\/title>\n<meta name=\"robots\" content=\"index, follow, max-snippet:-1, max-image-preview:large, max-video-preview:-1\" \/>\n<link rel=\"canonical\" href=\"https:\/\/orendelsall.de\/index.php\/impressum\/\" \/>\n<meta property=\"og:locale\" content=\"de_DE\" \/>\n<meta property=\"og:type\" content=\"article\" \/>\n<meta property=\"og:title\" content=\"Impressum - Dorfgemeinschaft-Orendelsall\" \/>\n<meta property=\"og:description\" content=\"Dorfgemeinschaft Orendelsall Forchtenbergerstra\u00dfe 15 74639 Zweiflingen E-Mail: dorfgemeinschaft-orendelsall@t-online.de Rechtliche Hinweise: Das Layout der Homepage, die verwendeten Grafiken sowie Beitr\u00e4ge und Bilder sind urheberrechtlich gesch\u00fctzt. Die Seiten d\u00fcrfen ausschlie\u00dflich zum privaten Gebrauch ohne jegliche \u00c4nderung&#046;&#046;&#046;\" \/>\n<meta property=\"og:url\" content=\"https:\/\/orendelsall.de\/index.php\/impressum\/\" \/>\n<meta property=\"og:site_name\" content=\"Dorfgemeinschaft-Orendelsall\" \/>\n<meta name=\"twitter:card\" content=\"summary_large_image\" \/>\n<meta name=\"twitter:label1\" content=\"Gesch\u00e4tzte Lesezeit\" \/>\n\t<meta name=\"twitter:data1\" content=\"1\u00a0Minute\" \/>\n<script type=\"application\/ld+json\" class=\"yoast-schema-graph\">{\"@context\":\"https:\\\/\\\/schema.org\",\"@graph\":[{\"@type\":\"WebPage\",\"@id\":\"https:\\\/\\\/orendelsall.de\\\/index.php\\\/impressum\\\/\",\"url\":\"https:\\\/\\\/orendelsall.de\\\/index.php\\\/impressum\\\/\",\"name\":\"Impressum - Dorfgemeinschaft-Orendelsall\",\"isPartOf\":{\"@id\":\"https:\\\/\\\/orendelsall.de\\\/#website\"},\"datePublished\":\"2023-01-22T12:08:47+00:00\",\"breadcrumb\":{\"@id\":\"https:\\\/\\\/orendelsall.de\\\/index.php\\\/impressum\\\/#breadcrumb\"},\"inLanguage\":\"de\",\"potentialAction\":[{\"@type\":\"ReadAction\",\"target\":[\"https:\\\/\\\/orendelsall.de\\\/index.php\\\/impressum\\\/\"]}]},{\"@type\":\"BreadcrumbList\",\"@id\":\"https:\\\/\\\/orendelsall.de\\\/index.php\\\/impressum\\\/#breadcrumb\",\"itemListElement\":[{\"@type\":\"ListItem\",\"position\":1,\"name\":\"Startseite\",\"item\":\"https:\\\/\\\/orendelsall.de\\\/\"},{\"@type\":\"ListItem\",\"position\":2,\"name\":\"Impressum\"}]},{\"@type\":\"WebSite\",\"@id\":\"https:\\\/\\\/orendelsall.de\\\/#website\",\"url\":\"https:\\\/\\\/orendelsall.de\\\/\",\"name\":\"Dorfgemeinschaft-Orendelsall\",\"description\":\"\",\"potentialAction\":[{\"@type\":\"SearchAction\",\"target\":{\"@type\":\"EntryPoint\",\"urlTemplate\":\"https:\\\/\\\/orendelsall.de\\\/?s={search_term_string}\"},\"query-input\":{\"@type\":\"PropertyValueSpecification\",\"valueRequired\":true,\"valueName\":\"search_term_string\"}}],\"inLanguage\":\"de\"}]}<\/script>\n<!-- \/ Yoast SEO plugin. -->","yoast_head_json":{"title":"Impressum - Dorfgemeinschaft-Orendelsall","robots":{"index":"index","follow":"follow","max-snippet":"max-snippet:-1","max-image-preview":"max-image-preview:large","max-video-preview":"max-video-preview:-1"},"canonical":"https:\/\/orendelsall.de\/index.php\/impressum\/","og_locale":"de_DE","og_type":"article","og_title":"Impressum - Dorfgemeinschaft-Orendelsall","og_description":"Dorfgemeinschaft Orendelsall Forchtenbergerstra\u00dfe 15 74639 Zweiflingen E-Mail: dorfgemeinschaft-orendelsall@t-online.de Rechtliche Hinweise: Das Layout der Homepage, die verwendeten Grafiken sowie Beitr\u00e4ge und Bilder sind urheberrechtlich gesch\u00fctzt. Die Seiten d\u00fcrfen ausschlie\u00dflich zum privaten Gebrauch ohne jegliche \u00c4nderung&#46;&#46;&#46;","og_url":"https:\/\/orendelsall.de\/index.php\/impressum\/","og_site_name":"Dorfgemeinschaft-Orendelsall","twitter_card":"summary_large_image","twitter_misc":{"Gesch\u00e4tzte Lesezeit":"1\u00a0Minute"},"schema":{"@context":"https:\/\/schema.org","@graph":[{"@type":"WebPage","@id":"https:\/\/orendelsall.de\/index.php\/impressum\/","url":"https:\/\/orendelsall.de\/index.php\/impressum\/","name":"Impressum - Dorfgemeinschaft-Orendelsall","isPartOf":{"@id":"https:\/\/orendelsall.de\/#website"},"datePublished":"2023-01-22T12:08:47+00:00","breadcrumb":{"@id":"https:\/\/orendelsall.de\/index.php\/impressum\/#breadcrumb"},"inLanguage":"de","potentialAction":[{"@type":"ReadAction","target":["https:\/\/orendelsall.de\/index.php\/impressum\/"]}]},{"@type":"BreadcrumbList","@id":"https:\/\/orendelsall.de\/index.php\/impressum\/#breadcrumb","itemListElement":[{"@type":"ListItem","position":1,"name":"Startseite","item":"https:\/\/orendelsall.de\/"},{"@type":"ListItem","position":2,"name":"Impressum"}]},{"@type":"WebSite","@id":"https:\/\/orendelsall.de\/#website","url":"https:\/\/orendelsall.de\/","name":"Dorfgemeinschaft-Orendelsall","description":"","potentialAction":[{"@type":"SearchAction","target":{"@type":"EntryPoint","urlTemplate":"https:\/\/orendelsall.de\/?s={search_term_string}"},"query-input":{"@type":"PropertyValueSpecification","valueRequired":true,"valueName":"search_term_string"}}],"inLanguage":"de"}]}},"jetpack_sharing_enabled":true,"_links":{"self":[{"href":"https:\/\/orendelsall.de\/index.php\/wp-json\/wp\/v2\/pages\/9","targetHints":{"allow":["GET"]}}],"collection":[{"href":"https:\/\/orendelsall.de\/index.php\/wp-json\/wp\/v2\/pages"}],"about":[{"href":"https:\/\/orendelsall.de\/index.php\/wp-json\/wp\/v2\/types\/page"}],"author":[{"embeddable":true,"href":"https:\/\/orendelsall.de\/index.php\/wp-json\/wp\/v2\/users\/2"}],"replies":[{"embeddable":true,"href":"https:\/\/orendelsall.de\/index.php\/wp-json\/wp\/v2\/comments?post=9"}],"version-history":[{"count":1,"href":"https:\/\/orendelsall.de\/index.php\/wp-json\/wp\/v2\/pages\/9\/revisions"}],"predecessor-version":[{"id":10,"href":"https:\/\/orendelsall.de\/index.php\/wp-json\/wp\/v2\/pages\/9\/revisions\/10"}],"wp:attachment":[{"href":"https:\/\/orendelsall.de\/index.php\/wp-json\/wp\/v2\/media?parent=9"}],"curies":[{"name":"wp","href":"https:\/\/api.w.org\/{rel}","templated":true}]}}