{"id":66,"date":"2023-02-01T21:01:17","date_gmt":"2023-02-01T20:01:17","guid":{"rendered":"https:\/\/orendelsall.de\/?page_id=66"},"modified":"2025-05-09T10:59:32","modified_gmt":"2025-05-09T08:59:32","slug":"startseite","status":"publish","type":"page","link":"https:\/\/orendelsall.de\/","title":{"rendered":"Startseite"},"content":{"rendered":"<h2><strong>Herzlich Willkommen!<\/strong><\/h2>\r\n<p>Hier entsteht die Internetseite der Dorfgemeinschaft Orendelsall. Orendelsall ist eine Teilort der Gemeinde <a href=\"https:\/\/www.zweiflingen.de\/startseite\" target=\"_blank\" rel=\"noopener\">Zweiflingen<\/a>. Da es sich hierbei um ein Feierabendprojekt handelt, sind wir gem\u00fctlich unterwegs. Es lohnt sich <strong>ABER IMMER<\/strong> in regelm\u00e4\u00dfigen Abst\u00e4nden zu schauen, was es an Neuigkeiten gibt!<\/p>\r\n\r\n\r\n<ul class=\"wp-block-latest-posts__list is-grid columns-3 wp-block-latest-posts\"><li><div class=\"wp-block-latest-posts__featured-image\"><img loading=\"lazy\" decoding=\"async\" width=\"150\" height=\"150\" src=\"https:\/\/orendelsall.de\/wp-content\/uploads\/2025\/05\/IMG_7520-150x150.jpg\" class=\"attachment-thumbnail size-thumbnail wp-post-image\" alt=\"\" style=\"max-width:100px;max-height:100px;\" srcset=\"https:\/\/orendelsall.de\/wp-content\/uploads\/2025\/05\/IMG_7520-150x150.jpg 150w, https:\/\/orendelsall.de\/wp-content\/uploads\/2025\/05\/IMG_7520-80x80.jpg 80w, https:\/\/orendelsall.de\/wp-content\/uploads\/2025\/05\/IMG_7520-320x320.jpg 320w\" sizes=\"auto, (max-width: 150px) 100vw, 150px\" \/><\/div><a class=\"wp-block-latest-posts__post-title\" href=\"https:\/\/orendelsall.de\/index.php\/2025\/05\/09\/maibaumstellen-2025-in-orendelsall\/\">Maibaumstellen 2025  in Orendelsall<\/a><div class=\"wp-block-latest-posts__post-excerpt\">Am Abend des 30. April trafen sich um 17:30 Uhr neun tatkr\u00e4ftige Helfer in Orendelsall, um gemeinsam den Maibaum aus dem Wald zu holen. Mit einem Unimog und einem Anh\u00e4nger machten sie sich auf&#46;&#46;&#46;<\/div><\/li>\n<li><div class=\"wp-block-latest-posts__featured-image\"><img loading=\"lazy\" decoding=\"async\" width=\"150\" height=\"150\" src=\"https:\/\/orendelsall.de\/wp-content\/uploads\/2023\/03\/powerheart-2420178_1920-1-150x150.png\" class=\"attachment-thumbnail size-thumbnail wp-post-image\" alt=\"\" style=\"max-width:100px;max-height:100px;\" srcset=\"https:\/\/orendelsall.de\/wp-content\/uploads\/2023\/03\/powerheart-2420178_1920-1-150x150.png 150w, https:\/\/orendelsall.de\/wp-content\/uploads\/2023\/03\/powerheart-2420178_1920-1-80x80.png 80w, https:\/\/orendelsall.de\/wp-content\/uploads\/2023\/03\/powerheart-2420178_1920-1-320x320.png 320w\" sizes=\"auto, (max-width: 150px) 100vw, 150px\" \/><\/div><a class=\"wp-block-latest-posts__post-title\" href=\"https:\/\/orendelsall.de\/index.php\/2023\/11\/16\/defibrillatoren-einweisung-am-20-11-23\/\">Defibrillatoren-Einweisung am 20.11.23<\/a><div class=\"wp-block-latest-posts__post-excerpt\">Defibrillatoren-Einweisung f\u00fcr alle B\u00fcrger*innen in Orendelsall Am Montag, den 20.11.2023 um 19 Uhr findet eine Defibrillatoren-Einweisung im Feuerwehrhaus Orendelsall statt. Alle Interessierten sind dazu herzlich eingeladen. Wir freuen uns auf einen informativen Abend. F\u00fcr&#46;&#46;&#46;<\/div><\/li>\n<li><div class=\"wp-block-latest-posts__featured-image\"><img loading=\"lazy\" decoding=\"async\" width=\"150\" height=\"150\" src=\"https:\/\/orendelsall.de\/wp-content\/uploads\/2023\/09\/Dorfgrillen-2-150x150.jpg\" class=\"attachment-thumbnail size-thumbnail wp-post-image\" alt=\"\" style=\"max-width:100px;max-height:100px;\" srcset=\"https:\/\/orendelsall.de\/wp-content\/uploads\/2023\/09\/Dorfgrillen-2-150x150.jpg 150w, https:\/\/orendelsall.de\/wp-content\/uploads\/2023\/09\/Dorfgrillen-2-80x80.jpg 80w, https:\/\/orendelsall.de\/wp-content\/uploads\/2023\/09\/Dorfgrillen-2-320x320.jpg 320w\" sizes=\"auto, (max-width: 150px) 100vw, 150px\" \/><\/div><a class=\"wp-block-latest-posts__post-title\" href=\"https:\/\/orendelsall.de\/index.php\/2023\/09\/14\/dorfgrillen-am-15-9-2023\/\">Dorfgrillen am 15.9.2023<\/a><div class=\"wp-block-latest-posts__post-excerpt\"><\/div><\/li>\n<li><div class=\"wp-block-latest-posts__featured-image\"><img loading=\"lazy\" decoding=\"async\" width=\"150\" height=\"150\" src=\"https:\/\/orendelsall.de\/wp-content\/uploads\/2023\/03\/maibaum-150x150.jpeg\" class=\"attachment-thumbnail size-thumbnail wp-post-image\" alt=\"\" style=\"max-width:100px;max-height:100px;\" srcset=\"https:\/\/orendelsall.de\/wp-content\/uploads\/2023\/03\/maibaum-150x150.jpeg 150w, https:\/\/orendelsall.de\/wp-content\/uploads\/2023\/03\/maibaum-80x80.jpeg 80w, https:\/\/orendelsall.de\/wp-content\/uploads\/2023\/03\/maibaum-320x320.jpeg 320w\" sizes=\"auto, (max-width: 150px) 100vw, 150px\" \/><\/div><a class=\"wp-block-latest-posts__post-title\" href=\"https:\/\/orendelsall.de\/index.php\/2023\/04\/17\/maibaumstellen-am-30-4-2023\/\">Maibaumstellen am 30.4.2023<\/a><div class=\"wp-block-latest-posts__post-excerpt\">Unser Maibaumstellen Am Sonntag, den 30.04.2023 um 19.00 Uhr am Feuerwehr-Ger\u00e4tehaus Orendelsall Die Dorfgemeinschaft Orendelsall l\u00e4dt alle,die gerne mitfeiern m\u00f6chten, zum Maibaumstellen ein. Um 18.00 Uhr werden wir gemeinsam einen Baum im Wald holen.&#46;&#46;&#46;<\/div><\/li>\n<li><div class=\"wp-block-latest-posts__featured-image\"><img loading=\"lazy\" decoding=\"async\" width=\"150\" height=\"150\" src=\"https:\/\/orendelsall.de\/wp-content\/uploads\/2023\/03\/PNG-Bild-150x150.png\" class=\"attachment-thumbnail size-thumbnail wp-post-image\" alt=\"\" style=\"max-width:100px;max-height:100px;\" srcset=\"https:\/\/orendelsall.de\/wp-content\/uploads\/2023\/03\/PNG-Bild-150x150.png 150w, https:\/\/orendelsall.de\/wp-content\/uploads\/2023\/03\/PNG-Bild-300x300.png 300w, https:\/\/orendelsall.de\/wp-content\/uploads\/2023\/03\/PNG-Bild-1024x1024.png 1024w, https:\/\/orendelsall.de\/wp-content\/uploads\/2023\/03\/PNG-Bild-768x768.png 768w, https:\/\/orendelsall.de\/wp-content\/uploads\/2023\/03\/PNG-Bild-80x80.png 80w, https:\/\/orendelsall.de\/wp-content\/uploads\/2023\/03\/PNG-Bild-320x320.png 320w, https:\/\/orendelsall.de\/wp-content\/uploads\/2023\/03\/PNG-Bild.png 1280w\" sizes=\"auto, (max-width: 150px) 100vw, 150px\" \/><\/div><a class=\"wp-block-latest-posts__post-title\" href=\"https:\/\/orendelsall.de\/index.php\/2023\/03\/17\/ein-defi-fuer-drendel-drendel-tv-folge-1\/\">&#8222;Ein Defi f\u00fcr Drendel&#8220; &#8211; Drendel-TV (Folge 1)<\/a><div class=\"wp-block-latest-posts__post-excerpt\">Worum geht es in diesem Projekt? Wir m\u00f6chten gerne einen Defibrillator f\u00fcr Orendelsall anschaffen, damit wir im Bedarfsfall einem Opfer, das ein pl\u00f6tzliches Herzversagen erlitten hat, bis zum Eintreffen der Rettungskr\u00e4fte m\u00f6glichst gro\u00dfe \u00dcberlebenschancen&#46;&#46;&#46;<\/div><\/li>\n<\/ul>","protected":false},"excerpt":{"rendered":"<p>Herzlich Willkommen! Hier entsteht die Internetseite der Dorfgemeinschaft Orendelsall. Orendelsall ist eine Teilort der Gemeinde Zweiflingen. Da es sich hierbei um ein Feierabendprojekt handelt, sind wir gem\u00fctlich unterwegs. Es lohnt sich ABER IMMER in&#46;&#46;&#46;<\/p>\n","protected":false},"author":2,"featured_media":0,"parent":0,"menu_order":0,"comment_status":"closed","ping_status":"closed","template":"","meta":{"footnotes":""},"class_list":["post-66","page","type-page","status-publish","hentry"],"yoast_head":"<!-- This site is optimized with the Yoast SEO plugin v27.6 - https:\/\/yoast.com\/product\/yoast-seo-wordpress\/ -->\n<title>Startseite - Dorfgemeinschaft-Orendelsall<\/title>\n<meta name=\"robots\" content=\"index, follow, max-snippet:-1, max-image-preview:large, max-video-preview:-1\" \/>\n<link rel=\"canonical\" href=\"https:\/\/orendelsall.de\/\" \/>\n<meta property=\"og:locale\" content=\"de_DE\" \/>\n<meta property=\"og:type\" content=\"article\" \/>\n<meta property=\"og:title\" content=\"Startseite - Dorfgemeinschaft-Orendelsall\" \/>\n<meta property=\"og:description\" content=\"Herzlich Willkommen! Hier entsteht die Internetseite der Dorfgemeinschaft Orendelsall. Orendelsall ist eine Teilort der Gemeinde Zweiflingen. Da es sich hierbei um ein Feierabendprojekt handelt, sind wir gem\u00fctlich unterwegs. Es lohnt sich ABER IMMER in&#046;&#046;&#046;\" \/>\n<meta property=\"og:url\" content=\"https:\/\/orendelsall.de\/\" \/>\n<meta property=\"og:site_name\" content=\"Dorfgemeinschaft-Orendelsall\" \/>\n<meta property=\"article:modified_time\" content=\"2025-05-09T08:59:32+00:00\" \/>\n<meta name=\"twitter:card\" content=\"summary_large_image\" \/>\n<meta name=\"twitter:label1\" content=\"Gesch\u00e4tzte Lesezeit\" \/>\n\t<meta name=\"twitter:data1\" content=\"1\u00a0Minute\" \/>\n<script type=\"application\/ld+json\" class=\"yoast-schema-graph\">{\"@context\":\"https:\\\/\\\/schema.org\",\"@graph\":[{\"@type\":\"WebPage\",\"@id\":\"https:\\\/\\\/orendelsall.de\\\/\",\"url\":\"https:\\\/\\\/orendelsall.de\\\/\",\"name\":\"Startseite - Dorfgemeinschaft-Orendelsall\",\"isPartOf\":{\"@id\":\"https:\\\/\\\/orendelsall.de\\\/#website\"},\"datePublished\":\"2023-02-01T20:01:17+00:00\",\"dateModified\":\"2025-05-09T08:59:32+00:00\",\"breadcrumb\":{\"@id\":\"https:\\\/\\\/orendelsall.de\\\/#breadcrumb\"},\"inLanguage\":\"de\",\"potentialAction\":[{\"@type\":\"ReadAction\",\"target\":[\"https:\\\/\\\/orendelsall.de\\\/\"]}]},{\"@type\":\"BreadcrumbList\",\"@id\":\"https:\\\/\\\/orendelsall.de\\\/#breadcrumb\",\"itemListElement\":[{\"@type\":\"ListItem\",\"position\":1,\"name\":\"Startseite\",\"item\":\"https:\\\/\\\/orendelsall.de\\\/\"},{\"@type\":\"ListItem\",\"position\":2,\"name\":\"Startseite\"}]},{\"@type\":\"WebSite\",\"@id\":\"https:\\\/\\\/orendelsall.de\\\/#website\",\"url\":\"https:\\\/\\\/orendelsall.de\\\/\",\"name\":\"Dorfgemeinschaft-Orendelsall\",\"description\":\"\",\"potentialAction\":[{\"@type\":\"SearchAction\",\"target\":{\"@type\":\"EntryPoint\",\"urlTemplate\":\"https:\\\/\\\/orendelsall.de\\\/?s={search_term_string}\"},\"query-input\":{\"@type\":\"PropertyValueSpecification\",\"valueRequired\":true,\"valueName\":\"search_term_string\"}}],\"inLanguage\":\"de\"}]}<\/script>\n<!-- \/ Yoast SEO plugin. -->","yoast_head_json":{"title":"Startseite - Dorfgemeinschaft-Orendelsall","robots":{"index":"index","follow":"follow","max-snippet":"max-snippet:-1","max-image-preview":"max-image-preview:large","max-video-preview":"max-video-preview:-1"},"canonical":"https:\/\/orendelsall.de\/","og_locale":"de_DE","og_type":"article","og_title":"Startseite - Dorfgemeinschaft-Orendelsall","og_description":"Herzlich Willkommen! Hier entsteht die Internetseite der Dorfgemeinschaft Orendelsall. Orendelsall ist eine Teilort der Gemeinde Zweiflingen. Da es sich hierbei um ein Feierabendprojekt handelt, sind wir gem\u00fctlich unterwegs. Es lohnt sich ABER IMMER in&#46;&#46;&#46;","og_url":"https:\/\/orendelsall.de\/","og_site_name":"Dorfgemeinschaft-Orendelsall","article_modified_time":"2025-05-09T08:59:32+00:00","twitter_card":"summary_large_image","twitter_misc":{"Gesch\u00e4tzte Lesezeit":"1\u00a0Minute"},"schema":{"@context":"https:\/\/schema.org","@graph":[{"@type":"WebPage","@id":"https:\/\/orendelsall.de\/","url":"https:\/\/orendelsall.de\/","name":"Startseite - Dorfgemeinschaft-Orendelsall","isPartOf":{"@id":"https:\/\/orendelsall.de\/#website"},"datePublished":"2023-02-01T20:01:17+00:00","dateModified":"2025-05-09T08:59:32+00:00","breadcrumb":{"@id":"https:\/\/orendelsall.de\/#breadcrumb"},"inLanguage":"de","potentialAction":[{"@type":"ReadAction","target":["https:\/\/orendelsall.de\/"]}]},{"@type":"BreadcrumbList","@id":"https:\/\/orendelsall.de\/#breadcrumb","itemListElement":[{"@type":"ListItem","position":1,"name":"Startseite","item":"https:\/\/orendelsall.de\/"},{"@type":"ListItem","position":2,"name":"Startseite"}]},{"@type":"WebSite","@id":"https:\/\/orendelsall.de\/#website","url":"https:\/\/orendelsall.de\/","name":"Dorfgemeinschaft-Orendelsall","description":"","potentialAction":[{"@type":"SearchAction","target":{"@type":"EntryPoint","urlTemplate":"https:\/\/orendelsall.de\/?s={search_term_string}"},"query-input":{"@type":"PropertyValueSpecification","valueRequired":true,"valueName":"search_term_string"}}],"inLanguage":"de"}]}},"jetpack_sharing_enabled":true,"_links":{"self":[{"href":"https:\/\/orendelsall.de\/index.php\/wp-json\/wp\/v2\/pages\/66","targetHints":{"allow":["GET"]}}],"collection":[{"href":"https:\/\/orendelsall.de\/index.php\/wp-json\/wp\/v2\/pages"}],"about":[{"href":"https:\/\/orendelsall.de\/index.php\/wp-json\/wp\/v2\/types\/page"}],"author":[{"embeddable":true,"href":"https:\/\/orendelsall.de\/index.php\/wp-json\/wp\/v2\/users\/2"}],"replies":[{"embeddable":true,"href":"https:\/\/orendelsall.de\/index.php\/wp-json\/wp\/v2\/comments?post=66"}],"version-history":[{"count":58,"href":"https:\/\/orendelsall.de\/index.php\/wp-json\/wp\/v2\/pages\/66\/revisions"}],"predecessor-version":[{"id":301,"href":"https:\/\/orendelsall.de\/index.php\/wp-json\/wp\/v2\/pages\/66\/revisions\/301"}],"wp:attachment":[{"href":"https:\/\/orendelsall.de\/index.php\/wp-json\/wp\/v2\/media?parent=66"}],"curies":[{"name":"wp","href":"https:\/\/api.w.org\/{rel}","templated":true}]}}